{"id":6,"date":"2023-02-14T15:03:38","date_gmt":"2023-02-14T14:03:38","guid":{"rendered":"https:\/\/textbearbetningskurs.hh.se\/exempelsida\/?page_id=6"},"modified":"2023-02-14T15:03:38","modified_gmt":"2023-02-14T14:03:38","slug":"om-oss","status":"publish","type":"page","link":"https:\/\/textbearbetningskurs.hh.se\/exempelsida\/om-oss\/","title":{"rendered":"Om oss"},"content":{"rendered":"\n<p>H\u00e4r ska vi beskriva viktiga saker om v\u00e5r verksamhet&#8230;<\/p>\n\n\n\n<ul>\n<li>V\u00e4rdeord 1<\/li>\n\n\n\n<li>V\u00e4rdeord 2<\/li>\n\n\n\n<li>V\u00e4rdeord 3<\/li>\n<\/ul>\n\n\n\n<p>Sammanfattningsvis vill vi s\u00e4ga det h\u00e4r!<\/p>\n","protected":false},"excerpt":{"rendered":"<p>H\u00e4r ska vi beskriva viktiga saker om v\u00e5r verksamhet&#8230; Sammanfattningsvis vill vi s\u00e4ga det h\u00e4r!<\/p>\n","protected":false},"author":1,"featured_media":0,"parent":0,"menu_order":0,"comment_status":"closed","ping_status":"closed","template":"","meta":{"_kadence_starter_templates_imported_post":false,"footnotes":""},"_links":{"self":[{"href":"https:\/\/textbearbetningskurs.hh.se\/exempelsida\/wp-json\/wp\/v2\/pages\/6"}],"collection":[{"href":"https:\/\/textbearbetningskurs.hh.se\/exempelsida\/wp-json\/wp\/v2\/pages"}],"about":[{"href":"https:\/\/textbearbetningskurs.hh.se\/exempelsida\/wp-json\/wp\/v2\/types\/page"}],"author":[{"embeddable":true,"href":"https:\/\/textbearbetningskurs.hh.se\/exempelsida\/wp-json\/wp\/v2\/users\/1"}],"replies":[{"embeddable":true,"href":"https:\/\/textbearbetningskurs.hh.se\/exempelsida\/wp-json\/wp\/v2\/comments?post=6"}],"version-history":[{"count":1,"href":"https:\/\/textbearbetningskurs.hh.se\/exempelsida\/wp-json\/wp\/v2\/pages\/6\/revisions"}],"predecessor-version":[{"id":7,"href":"https:\/\/textbearbetningskurs.hh.se\/exempelsida\/wp-json\/wp\/v2\/pages\/6\/revisions\/7"}],"wp:attachment":[{"href":"https:\/\/textbearbetningskurs.hh.se\/exempelsida\/wp-json\/wp\/v2\/media?parent=6"}],"curies":[{"name":"wp","href":"https:\/\/api.w.org\/{rel}","templated":true}]}}